{"id":170,"date":"2022-04-25T16:42:12","date_gmt":"2022-04-25T13:42:12","guid":{"rendered":"http:\/\/www.mansenekotarhuri.fi\/?page_id=170"},"modified":"2025-03-06T19:25:40","modified_gmt":"2025-03-06T17:25:40","slug":"suunnittelu","status":"publish","type":"page","link":"https:\/\/www.mansenekotarhuri.fi\/?page_id=170","title":{"rendered":"Suunnittelu"},"content":{"rendered":"\n<p>Suunnittelemme luonnon monimuotoisuutta tukevia pihoja ja puutarhoja.<\/p>\n\n\n\n<p>Suunnittelutuotteitamme ovat:<\/p>\n\n\n\n<ol class=\"wp-block-list\">\n<li><strong>Ekotarhurin pihakatselmus<\/strong>: Tilaa puutarhuri katselmusk\u00e4ynnille pihallesi! Tutustumme yhdess\u00e4 pihasi ongelmakohtiin ja omiin toiveisiisi. Saat puutarhurilta sek\u00e4 yleisi\u00e4 neuvoja ett\u00e4 kehitysideoita pihasi monimuotoisuuden parantamiseksi. Ohjeet saat my\u00f6s kirjallisessa muodossa. Kirjaamme haluttaessa yl\u00f6s alueella kasvavat kasvit ja annamme niille hoito-ohjeet.&nbsp;&nbsp;<br><\/li>\n\n\n\n<li><strong>Pihasuunnitelmat\/istutussuunnitelmat<\/strong>: Teemme vanhojen pihojen parantamiseen, &#8221;luonnollistamiseen&#8221; t\u00e4ht\u00e4\u00e4vi\u00e4 pihasuunnitelmia. Teemme koko pihaa koskevia suunnitelmia, mutta suunnittelemme my\u00f6s pihan pienempi\u00e4 osa-alueita, kuten istutusalueita, lahopuutarhoja tai viljelyalueita.<br><\/li>\n\n\n\n<li><strong>Monimuotoisuussuunnitelma<\/strong>: Monimuotoisuussuunnitelma on laaja ja pitk\u00e4lle ajalle laadittava suunnitelma, joka voi koskea niin taloyhti\u00f6n pihaa kuin yksityispihaaa. Monimuotoisuussuunnitelma on ohjelma, jonka mukaan aluetta kehitet\u00e4\u00e4n. Suunnitelmaa varten kartoitetaan kohteen nykytilanne, ymp\u00e4r\u00f6iv\u00e4n kaupunkiluonnon tilanne ja tarpeet sek\u00e4 asukkaiden toiveet ja tarpeet. Taloyhti\u00f6ss\u00e4 voidaan laatia kysely, jonka kautta asukkaat p\u00e4\u00e4sev\u00e4t esitt\u00e4m\u00e4\u00e4n toiveitaan.<br>Suunnitelma esittelee konkreettiset ratkaisut ja pihaelementit, jotka edist\u00e4v\u00e4t juuri t\u00e4m\u00e4n kohteen monimuotoisuutta. Mik\u00e4\u00e4n piha ei muutu monimuotoisuutta tukevaksi kerralla, vaan suunnitelmassa annetaan vuosittaiset askelmerkit, joiden mukaan edet\u00e4\u00e4n.<\/li>\n<\/ol>\n","protected":false},"excerpt":{"rendered":"<p>Suunnittelemme luonnon monimuotoisuutta tukevia pihoja ja puutarhoja. Suunnittelutuotteitamme ovat:<\/p>\n","protected":false},"author":1,"featured_media":0,"parent":0,"menu_order":0,"comment_status":"closed","ping_status":"closed","template":"","meta":{"footnotes":""},"class_list":["post-170","page","type-page","status-publish","hentry"],"_links":{"self":[{"href":"https:\/\/www.mansenekotarhuri.fi\/index.php?rest_route=\/wp\/v2\/pages\/170","targetHints":{"allow":["GET"]}}],"collection":[{"href":"https:\/\/www.mansenekotarhuri.fi\/index.php?rest_route=\/wp\/v2\/pages"}],"about":[{"href":"https:\/\/www.mansenekotarhuri.fi\/index.php?rest_route=\/wp\/v2\/types\/page"}],"author":[{"embeddable":true,"href":"https:\/\/www.mansenekotarhuri.fi\/index.php?rest_route=\/wp\/v2\/users\/1"}],"replies":[{"embeddable":true,"href":"https:\/\/www.mansenekotarhuri.fi\/index.php?rest_route=%2Fwp%2Fv2%2Fcomments&post=170"}],"version-history":[{"count":11,"href":"https:\/\/www.mansenekotarhuri.fi\/index.php?rest_route=\/wp\/v2\/pages\/170\/revisions"}],"predecessor-version":[{"id":447,"href":"https:\/\/www.mansenekotarhuri.fi\/index.php?rest_route=\/wp\/v2\/pages\/170\/revisions\/447"}],"wp:attachment":[{"href":"https:\/\/www.mansenekotarhuri.fi\/index.php?rest_route=%2Fwp%2Fv2%2Fmedia&parent=170"}],"curies":[{"name":"wp","href":"https:\/\/api.w.org\/{rel}","templated":true}]}}