{"id":2,"date":"2021-12-01T13:54:50","date_gmt":"2021-12-01T11:54:50","guid":{"rendered":"http:\/\/testiosoite7.com\/?page_id=2"},"modified":"2025-03-06T19:21:41","modified_gmt":"2025-03-06T17:21:41","slug":"esimerkkisivu","status":"publish","type":"page","link":"https:\/\/www.mansenekotarhuri.fi\/?page_id=2","title":{"rendered":"Arvomme"},"content":{"rendered":"\n<p>Mansen Ekotarhuri rakentaa tai hoitaa pihoja tavoilla, jotka tulevat luonnon monimuotoisuutta eli ovat ekologisesti kest\u00e4vi\u00e4. Luonnon monimuotoisuus tarkoittaa tiivist\u00e4en kolmea asiaa: elinymp\u00e4rist\u00f6jen moninaisuutta, lajien m\u00e4\u00e4r\u00e4\u00e4 ja lajien sis\u00e4isen perinn\u00f6llisen muuntelun m\u00e4\u00e4r\u00e4\u00e4.<\/p>\n\n\n\n<p><strong>Yksityispihoilla on valtava potentiaali tukea monimuotoisuutta!<\/strong> Yksityispihojen pinta-ala on yhdess\u00e4 huikean suuri ja osana kulutusyhteiskuntaa my\u00f6s pihojen hiilijalanj\u00e4lki on iso.<\/p>\n\n\n\n<p>Arvomme ovat:<\/p>\n\n\n\n<ul class=\"wp-block-list\">\n<li>Enemm\u00e4n kasveja, v\u00e4hemm\u00e4n rakentamista!<\/li>\n\n\n\n<li>Ekologinen vastuullisuus, ilmasto- ja eli\u00f6yst\u00e4v\u00e4llisyys; monimuotoisuuden tukeminen ja lis\u00e4\u00e4minen&nbsp;<\/li>\n\n\n\n<li>Uusiok\u00e4ytt\u00f6, kiertotalous&nbsp;<\/li>\n\n\n\n<li>Puutarhojen runsaus, rentous, luovuus, iloisuus ja mielikuvituksellisuus; hallittuun hoitamattomuuteen kannustaminen&nbsp;<\/li>\n\n\n\n<li>Uusimman tiedon tuominen asiakasprojekteihin, jatkuva uuden oppiminen<\/li>\n<\/ul>\n\n\n\n<p>Emme tee:<\/p>\n\n\n\n<ul class=\"wp-block-list\">\n<li>uudiskohteiden pihasuunnittelua ja rakentamista<\/li>\n\n\n\n<li>kuntan asennusta<\/li>\n\n\n\n<li>siirto- tai tekonurmen asennusta<\/li>\n\n\n\n<li>l\u00e4p\u00e4isem\u00e4tt\u00f6mi\u00e4 kiveyksi\u00e4<\/li>\n\n\n\n<li>kemiallisia torjuntat\u00f6it\u00e4<\/li>\n<\/ul>\n\n\n\n<p>Mansen Ekotarhurissa ekologinen puutarhanhoito tarkoittaa seuraavia ty\u00f6tapoja ja periaatteita:<\/p>\n\n\n\n<h2 class=\"wp-block-heading\">Materiaalit kiert\u00e4v\u00e4t:<\/h2>\n\n\n\n<ul class=\"wp-block-list\">\n<li>k\u00e4yt\u00e4mme <strong>kierr\u00e4tyskasvualustoja <\/strong>turvepohjaisten alustojen sijaan&nbsp;<\/li>\n\n\n\n<li><strong>haketamme <\/strong>asiakkaan pihan omia materiaaleja ja k\u00e4yt\u00e4mme haketta kohteissamme maan peitt\u00e4miseen&nbsp;<\/li>\n\n\n\n<li>ker\u00e4\u00e4mme, varastoimme ja k\u00e4yt\u00e4mme <strong>hulevesi\u00e4 <\/strong>kasteluun hanaveden sijaan&nbsp;<\/li>\n\n\n\n<li>k\u00e4yt\u00e4mme puurakentamisessa <strong>kierr\u00e4tyspuuta tai FSC-sertifioitua puuta<\/strong>.&nbsp;<\/li>\n\n\n\n<li>hoidamme asiakkaan <strong>komposteja<\/strong>, jotta k\u00e4ytt\u00f6\u00f6n saadaan omaa maanparannusainetta.&nbsp;<\/li>\n<\/ul>\n\n\n\n<h2 class=\"wp-block-heading\">Tuemme luonnon monimuotoisuutta:&nbsp;<\/h2>\n\n\n\n<ul class=\"wp-block-list\">\n<li>suunnittelemme pihoja ja puutarhoja niin, ett\u00e4 ne tukevat my\u00f6s ymp\u00e4r\u00f6iv\u00e4n luonnon hyvinvointia ja tavoitteita; pihat eiv\u00e4t h\u00e4vit\u00e4 elinymp\u00e4rist\u00f6j\u00e4 vaan lis\u00e4\u00e4v\u00e4t niit\u00e4&nbsp;<\/li>\n\n\n\n<li>suosimme <strong>enemm\u00e4n kasvien k\u00e4ytt\u00f6\u00e4 kuin rakentamista<\/strong> (esimerkiksi laho- ja mets\u00e4puutarhat)&nbsp;<\/li>\n\n\n\n<li>valmistamme ja asennamme <strong>linnun- ja lepakonp\u00f6ntt\u00f6j\u00e4, hy\u00f6nteishotelleja ja siilinpesi\u00e4<\/strong>&nbsp;<\/li>\n\n\n\n<li>perustamme <strong>niittyj\u00e4, ketoja ja kukkivia nurmikoita<\/strong>&nbsp;<\/li>\n\n\n\n<li>perustamme <strong>kosteikkoja ja lahopuutarhoja<\/strong>&nbsp;<\/li>\n\n\n\n<li>k\u00e4yt\u00e4mme <strong>p\u00f6lytt\u00e4jille hy\u00f6dyllisi\u00e4 kasveja<\/strong> (suoja-, ravinto- ja lis\u00e4\u00e4ntymiskasvit)&nbsp;<\/li>\n\n\n\n<li>rakennamme <strong>viherkattoja&nbsp;<\/strong><\/li>\n\n\n\n<li>emme torju rikkaruohoja tai tuhohy\u00f6nteisi\u00e4 kemiallisesti&nbsp;<\/li>\n<\/ul>\n\n\n\n<h2 class=\"wp-block-heading\">Hoidamme maata:&nbsp;<\/h2>\n\n\n\n<ul class=\"wp-block-list\">\n<li>k\u00e4ytt\u00e4m\u00e4ll\u00e4 kompostia maanparantamiseen: kompostin sis\u00e4lt\u00e4m\u00e4 maaper\u00e4eli\u00f6st\u00f6 takaa kasvien ravinteiden saannin ja maan hyv\u00e4n rakenteen. Jos lannoitteita pit\u00e4\u00e4 k\u00e4ytt\u00e4\u00e4, ne ovat kierr\u00e4tyslannoitteita v\u00e4kilannoitteiden sijaan.<\/li>\n\n\n\n<li>istuttamalla maanpeitekasveja rikkakasvien ja liiallisen haihtumisen torjuntaan&nbsp;<\/li>\n\n\n\n<li>suosittelemme j\u00e4tt\u00e4m\u00e4\u00e4n nurmen leikkuuj\u00e4tteen paikalleen, jotta nurmea ei tarvitse lannoittaa.&nbsp;<\/li>\n\n\n\n<li>k\u00e4ytt\u00e4m\u00e4ll\u00e4 orgaanisia katteita, kuten leikkuuj\u00e4tteit\u00e4 ja kuorikatetta muovikankaiden sijaan \u2013 katteet parantavat maata, hidastavat kosteuden haihtumista ja est\u00e4v\u00e4t rikkaruohoja&nbsp;&nbsp;<\/li>\n<\/ul>\n\n\n\n<h2 class=\"wp-block-heading\">Rakennamme ymp\u00e4rist\u00f6n ehdoilla:<strong>&nbsp;&nbsp;<\/strong><\/h2>\n\n\n\n<ul class=\"wp-block-list\">\n<li>rakennamme aina kun mahdollista kierr\u00e4tetyst\u00e4 tai kest\u00e4v\u00e4sti tuotetusta materiaalista&nbsp;&nbsp;<\/li>\n\n\n\n<li>kaivamme maata mahdollisimman v\u00e4h\u00e4n, jotta maaper\u00e4n hiilt\u00e4 ei vapaudu ilmakeh\u00e4\u00e4n&nbsp;<\/li>\n\n\n\n<li>teemme l\u00e4p\u00e4isevi\u00e4 kiveyksi\u00e4, joten hulevedet p\u00e4\u00e4sev\u00e4t imeytym\u00e4\u00e4n maaper\u00e4\u00e4n&nbsp;<\/li>\n\n\n\n<li>ei k\u00e4ytet\u00e4 tuotteita, joista irtoaa ymp\u00e4rist\u00f6\u00f6n mikromuovia&nbsp;<\/li>\n<\/ul>\n\n\n\n<h2 class=\"wp-block-heading\">Kasvivalinnat ovat keskeisi\u00e4:&nbsp;<\/h2>\n\n\n\n<ul class=\"wp-block-list\">\n<li>suosimme kasveja, jotka siet\u00e4v\u00e4t \u00e4\u00e4riolosuhteita, kuten kuivuutta ja kosteutta<\/li>\n\n\n\n<li>k\u00e4yt\u00e4mme aina kun mahdollista kotimaisia taimia ja FinE-taimia, jotta kasvit menestyv\u00e4t paikallisesti eik\u00e4 niit\u00e4 ole kuljetettu kaukaa.&nbsp;<\/li>\n\n\n\n<li>k\u00e4yt\u00e4mme kasveja tuulen- ja auringonsuojana torjumassa haihtumista ja paahdetta.&nbsp;<\/li>\n\n\n\n<li>oikeat kasvi(ryhm\u00e4)t oikeaan paikkaan -periaatteella s\u00e4\u00e4styy tuotantoresursseja ja asiakkaan rahaa&nbsp;<\/li>\n<\/ul>\n\n\n\n<p><\/p>\n","protected":false},"excerpt":{"rendered":"<p>Mansen Ekotarhuri rakentaa tai hoitaa pihoja tavoilla, jotka tulevat luonnon monimuotoisuutta eli ovat ekologisesti kest\u00e4vi\u00e4. Luonnon monimuotoisuus tarkoittaa tiivist\u00e4en kolmea asiaa: elinymp\u00e4rist\u00f6jen moninaisuutta, lajien m\u00e4\u00e4r\u00e4\u00e4 ja lajien sis\u00e4isen perinn\u00f6llisen muuntelun m\u00e4\u00e4r\u00e4\u00e4. Yksityispihoilla on valtava potentiaali tukea monimuotoisuutta! Yksityispihojen pinta-ala on yhdess\u00e4 huikean suuri ja osana kulutusyhteiskuntaa my\u00f6s pihojen hiilijalanj\u00e4lki on iso. Arvomme ovat: Emme tee:&hellip;<\/p>\n<div><a class=\"excerpt-more button\" href=\"https:\/\/www.mansenekotarhuri.fi\/?page_id=2\">Read more <span class=\"screen-reader-text\">Arvomme <\/span><span class=\"meta-nav\" aria-hidden=\"true\"> &rarr;<\/span><\/a><\/div>\n","protected":false},"author":1,"featured_media":0,"parent":0,"menu_order":0,"comment_status":"closed","ping_status":"open","template":"","meta":{"footnotes":""},"class_list":["post-2","page","type-page","status-publish","hentry"],"_links":{"self":[{"href":"https:\/\/www.mansenekotarhuri.fi\/index.php?rest_route=\/wp\/v2\/pages\/2","targetHints":{"allow":["GET"]}}],"collection":[{"href":"https:\/\/www.mansenekotarhuri.fi\/index.php?rest_route=\/wp\/v2\/pages"}],"about":[{"href":"https:\/\/www.mansenekotarhuri.fi\/index.php?rest_route=\/wp\/v2\/types\/page"}],"author":[{"embeddable":true,"href":"https:\/\/www.mansenekotarhuri.fi\/index.php?rest_route=\/wp\/v2\/users\/1"}],"replies":[{"embeddable":true,"href":"https:\/\/www.mansenekotarhuri.fi\/index.php?rest_route=%2Fwp%2Fv2%2Fcomments&post=2"}],"version-history":[{"count":16,"href":"https:\/\/www.mansenekotarhuri.fi\/index.php?rest_route=\/wp\/v2\/pages\/2\/revisions"}],"predecessor-version":[{"id":442,"href":"https:\/\/www.mansenekotarhuri.fi\/index.php?rest_route=\/wp\/v2\/pages\/2\/revisions\/442"}],"wp:attachment":[{"href":"https:\/\/www.mansenekotarhuri.fi\/index.php?rest_route=%2Fwp%2Fv2%2Fmedia&parent=2"}],"curies":[{"name":"wp","href":"https:\/\/api.w.org\/{rel}","templated":true}]}}