{"id":3,"date":"2021-12-01T13:54:50","date_gmt":"2021-12-01T11:54:50","guid":{"rendered":"http:\/\/testiosoite7.com\/?page_id=3"},"modified":"2022-05-05T16:38:45","modified_gmt":"2022-05-05T13:38:45","slug":"tietosuojaseloste","status":"publish","type":"page","link":"https:\/\/www.mansenekotarhuri.fi\/?page_id=3","title":{"rendered":"Tietosuojaseloste"},"content":{"rendered":"\n<h2 class=\"wp-block-heading\">Keit\u00e4 olemme<\/h2>\n\n\n\n<p>Verkkosivustomme osoite on: https:\/\/www.mansenekotarhuri.fi\/<\/p>\n\n\n\n<p>Aino Nyman<br>aino@mansenekotarhuri.fi<br>044-270 8165<\/p>\n\n\n\n<h2 class=\"wp-block-heading\">Yhteydenottolomake<\/h2>\n\n\n\n<p>Kun sivuston k\u00e4ytt\u00e4j\u00e4t j\u00e4tt\u00e4v\u00e4t yhteydenottopyynn\u00f6n sivustolle, ker\u00e4\u00e4mme lomakkeessa olevat tiedot, sek\u00e4 k\u00e4ytt\u00e4j\u00e4n IP-osoitteen ja selaimen versiotiedot roskaviestien tunnistamisen helpottamiseksi. Emme jaa tietojasi eteenp\u00e4in emmek\u00e4 k\u00e4yt\u00e4 niit\u00e4 mihink\u00e4\u00e4n muuhun kuin vastataksemme pyynt\u00f6\u00f6si.<\/p>\n\n\n\n<p>T\u00e4m\u00e4 verkkosivusto k\u00e4ytt\u00e4\u00e4 Complianzin Privacy Suite for WordPress -sovellusta selain- ja laitepohjaisen suostumuksen ker\u00e4\u00e4miseen ja tallentamiseen. T\u00e4t\u00e4 toimintoa varten IP-osoitteesi anonymisoidaan ja tallennetaan tietokantaamme.\u00a0T\u00e4m\u00e4 palvelu ei k\u00e4sittele mit\u00e4\u00e4n henkil\u00f6kohtaisia tunnistetietoja eik\u00e4 jaa tietoja palveluntarjoajan kanssa.\u00a0Lis\u00e4tietoja on Complianzin\u00a0<a href=\"https:\/\/complianz.io\/legal\/privacy-statement\/\">Tietosuojalausunnossa<\/a>.<\/p>\n\n\n\n<h2 class=\"wp-block-heading\">Ev\u00e4steet<\/h2>\n\n\n\n<p>Jos j\u00e4t\u00e4t yhteydenottopyynn\u00f6n sivustolle, voit antaa nimen, puhelinnumeron, s\u00e4hk\u00f6postiosoitteen tallennuksen ev\u00e4steeseen. T\u00e4m\u00e4 toiminto lis\u00e4\u00e4 k\u00e4ytt\u00f6mukavuutta, koska lomaketta ei tarvitse t\u00e4ytt\u00e4\u00e4 jokaisella kerralla uudelleen yhteydenottopyynt\u00f6\u00e4 j\u00e4tt\u00e4ess\u00e4. Ev\u00e4stetieto poistetaan selaimesta vuoden kuluttua.<\/p>\n\n\n\n<h2 class=\"wp-block-heading\">Muilta sivustoilta upotettu sis\u00e4lt\u00f6<\/h2>\n\n\n\n<p>T\u00e4m\u00e4n sivuston artikkelit voivat sis\u00e4lt\u00e4\u00e4 upotettua sis\u00e4lt\u00f6\u00e4 (esimerkiksi videoita, kuvia, artikkeleita jne.). Toisilta sivustoilta tuodun upotetun sis\u00e4ll\u00f6n avaaminen on verrattavissa siihen, ett\u00e4 vierailija itse k\u00e4visi kolmannen osapuolen sivustolla.<\/p>\n\n\n\n<p>N\u00e4m\u00e4 sivustot voivat ker\u00e4t\u00e4 tietoa sinusta, k\u00e4ytt\u00e4\u00e4 ev\u00e4steit\u00e4, upottaa kolmannen osapuolen seurantaev\u00e4steit\u00e4 ja monitoroida vuorovaikutustasi upotetun sis\u00e4ll\u00f6n kanssa, mukaan lukien vuorovaikutuksen seuranta jos ja kun olet kirjautunut k\u00e4ytt\u00e4j\u00e4n\u00e4 sivustolle.<\/p>\n\n\n\n<h2 class=\"wp-block-heading\">Kuinka kauan s\u00e4ilyt\u00e4mme tietoa<\/h2>\n\n\n\n<p>Mik\u00e4li j\u00e4t\u00e4t yhteydenottopyynn\u00f6n, sen sis\u00e4lt\u00f6\u00e4 ja metatietoa s\u00e4ilytet\u00e4\u00e4n toistaiseksi. <\/p>\n\n\n\n<h2 class=\"wp-block-heading\">Mit\u00e4 oikeuksia sinulla on omaan tietoosi<\/h2>\n\n\n\n<p>Mik\u00e4li olet j\u00e4tt\u00e4nyt yhteydenottopyynt\u00f6j\u00e4, voit pyyt\u00e4\u00e4 koostetiedostoa omista henkil\u00f6tiedoistasi, sis\u00e4lt\u00e4en kaiken henkil\u00f6tiedon, jonka olet meille antanut. Voit my\u00f6s pyyt\u00e4\u00e4 henkil\u00f6tietojesi poistoa. Oikeus omien tietojen poistoon ei koske sellaista henkil\u00f6tietoa, joka meid\u00e4n on s\u00e4ilytett\u00e4v\u00e4 yll\u00e4pidollisista, juridisista tai tietoturvaan liittyvist\u00e4 syist\u00e4.<\/p>\n\n\n\n<h2 class=\"wp-block-heading\">Minne l\u00e4het\u00e4mme tietosi<\/h2>\n\n\n\n<p>Vierailijoiden yhteydenottopyynt\u00f6j\u00e4 saatetaan tarkistaa automatisoidun roskapostiestopalvelun kautta. Muutoin emme k\u00e4yt\u00e4 tai jaa tietojasi mitenk\u00e4\u00e4n paitsi vastataksemme yhteydenottopyynt\u00f6\u00f6si.<\/p>\n","protected":false},"excerpt":{"rendered":"<p>Keit\u00e4 olemme Verkkosivustomme osoite on: https:\/\/www.mansenekotarhuri.fi\/ Aino Nymanaino@mansenekotarhuri.fi044-270 8165 Yhteydenottolomake Kun sivuston k\u00e4ytt\u00e4j\u00e4t j\u00e4tt\u00e4v\u00e4t yhteydenottopyynn\u00f6n sivustolle, ker\u00e4\u00e4mme lomakkeessa olevat tiedot, sek\u00e4 k\u00e4ytt\u00e4j\u00e4n IP-osoitteen ja selaimen versiotiedot roskaviestien tunnistamisen helpottamiseksi. Emme jaa tietojasi eteenp\u00e4in emmek\u00e4 k\u00e4yt\u00e4 niit\u00e4 mihink\u00e4\u00e4n muuhun kuin vastataksemme pyynt\u00f6\u00f6si. T\u00e4m\u00e4 verkkosivusto k\u00e4ytt\u00e4\u00e4 Complianzin Privacy Suite for WordPress -sovellusta selain- ja laitepohjaisen suostumuksen ker\u00e4\u00e4miseen&hellip;<\/p>\n<div><a class=\"excerpt-more button\" href=\"https:\/\/www.mansenekotarhuri.fi\/?page_id=3\">Read more <span class=\"screen-reader-text\">Tietosuojaseloste <\/span><span class=\"meta-nav\" aria-hidden=\"true\"> &rarr;<\/span><\/a><\/div>\n","protected":false},"author":1,"featured_media":0,"parent":0,"menu_order":0,"comment_status":"closed","ping_status":"open","template":"","meta":{"footnotes":""},"class_list":["post-3","page","type-page","status-publish","hentry"],"_links":{"self":[{"href":"https:\/\/www.mansenekotarhuri.fi\/index.php?rest_route=\/wp\/v2\/pages\/3","targetHints":{"allow":["GET"]}}],"collection":[{"href":"https:\/\/www.mansenekotarhuri.fi\/index.php?rest_route=\/wp\/v2\/pages"}],"about":[{"href":"https:\/\/www.mansenekotarhuri.fi\/index.php?rest_route=\/wp\/v2\/types\/page"}],"author":[{"embeddable":true,"href":"https:\/\/www.mansenekotarhuri.fi\/index.php?rest_route=\/wp\/v2\/users\/1"}],"replies":[{"embeddable":true,"href":"https:\/\/www.mansenekotarhuri.fi\/index.php?rest_route=%2Fwp%2Fv2%2Fcomments&post=3"}],"version-history":[{"count":6,"href":"https:\/\/www.mansenekotarhuri.fi\/index.php?rest_route=\/wp\/v2\/pages\/3\/revisions"}],"predecessor-version":[{"id":268,"href":"https:\/\/www.mansenekotarhuri.fi\/index.php?rest_route=\/wp\/v2\/pages\/3\/revisions\/268"}],"wp:attachment":[{"href":"https:\/\/www.mansenekotarhuri.fi\/index.php?rest_route=%2Fwp%2Fv2%2Fmedia&parent=3"}],"curies":[{"name":"wp","href":"https:\/\/api.w.org\/{rel}","templated":true}]}}