{"id":5,"date":"2022-03-02T18:25:10","date_gmt":"2022-03-02T16:25:10","guid":{"rendered":"http:\/\/www.mansenekotarhuri.fi\/?page_id=5"},"modified":"2025-03-06T18:20:56","modified_gmt":"2025-03-06T16:20:56","slug":"mansen-ekotarhuri","status":"publish","type":"page","link":"https:\/\/www.mansenekotarhuri.fi\/","title":{"rendered":""},"content":{"rendered":"\n<p class=\"has-drop-cap\">Me Mansen Ekotarhurissa <strong>suunnittelemme, rakennamme ja kunnossapid\u00e4mme pihoja, jotka tukevat luonnon monimuotoisuutta<\/strong>. Teemme pieni\u00e4kin kohteita ja erityisesti olemme keskittyneet vanhoihin pihoihin, niin yksityisasiakkaiden kuin taloyhti\u00f6iden.<\/p>\n\n\n\n<p>Teemme tavallisia puutarhat\u00f6it\u00e4, kuten leikkauksia, istutuksia, hoitot\u00f6it\u00e4 ja pihasuunnittelua, mutta valtavirrasta <a href=\"https:\/\/www.mansenekotarhuri.fi\/?page_id=2\" data-type=\"page\" data-id=\"2\">poikkeavalla tavalla<\/a>. Keskitymme erityisesti:<\/p>\n\n\n\n<div class=\"wp-block-media-text has-media-on-the-right is-stacked-on-mobile is-vertically-aligned-bottom is-image-fill-element\" style=\"grid-template-columns:auto 53%\"><div class=\"wp-block-media-text__content\">\n<ul class=\"wp-block-list\">\n<li>p\u00f6lytt\u00e4ji\u00e4 houkutteleviin istutuksiin, kuten kuvassa oikealla<\/li>\n\n\n\n<li>lahopuuaitoihin ja lahopuutarhoihin<\/li>\n\n\n\n<li>niittyihin, ketoihin ja paahdeymp\u00e4rist\u00f6ihin<\/li>\n\n\n\n<li>sadepuutarhoihin (hulevesi\u00e4 hy\u00f6dynnet\u00e4\u00e4n pihalla, ei johdeta hulevesiverkostoon)<\/li>\n\n\n\n<li>mets\u00e4puutarhoihin <\/li>\n\n\n\n<li>vieraslajien h\u00e4vitt\u00e4miseen<\/li>\n\n\n\n<li>pihaviljelyn edist\u00e4miseen<\/li>\n\n\n\n<li>kompostien hoitoon<\/li>\n\n\n\n<li>kasvikattoihin<\/li>\n<\/ul>\n<\/div><figure class=\"wp-block-media-text__media\"><img loading=\"lazy\" decoding=\"async\" width=\"1024\" height=\"768\" src=\"https:\/\/www.mansenekotarhuri.fi\/wp-content\/uploads\/2024\/01\/polyttajaistutusalue-1-1024x768.jpeg\" alt=\"P\u00f6lytt\u00e4j\u00e4yst\u00e4v\u00e4llinen istutusalue, yksityispiha, Tampere\" class=\"wp-image-394 size-full\" style=\"object-position:40% 54%\" srcset=\"https:\/\/www.mansenekotarhuri.fi\/wp-content\/uploads\/2024\/01\/polyttajaistutusalue-1-1024x768.jpeg 1024w, https:\/\/www.mansenekotarhuri.fi\/wp-content\/uploads\/2024\/01\/polyttajaistutusalue-1-300x225.jpeg 300w, https:\/\/www.mansenekotarhuri.fi\/wp-content\/uploads\/2024\/01\/polyttajaistutusalue-1-768x576.jpeg 768w, https:\/\/www.mansenekotarhuri.fi\/wp-content\/uploads\/2024\/01\/polyttajaistutusalue-1-1536x1152.jpeg 1536w, https:\/\/www.mansenekotarhuri.fi\/wp-content\/uploads\/2024\/01\/polyttajaistutusalue-1-747x560.jpeg 747w, https:\/\/www.mansenekotarhuri.fi\/wp-content\/uploads\/2024\/01\/polyttajaistutusalue-1.jpeg 2048w\" sizes=\"auto, (max-width: 1024px) 100vw, 1024px\" \/><\/figure><\/div>\n\n\n\n<p><\/p>\n","protected":false},"excerpt":{"rendered":"<p>Me Mansen Ekotarhurissa suunnittelemme, rakennamme ja kunnossapid\u00e4mme pihoja, jotka tukevat luonnon monimuotoisuutta. Teemme pieni\u00e4kin kohteita ja erityisesti olemme keskittyneet vanhoihin pihoihin, niin yksityisasiakkaiden kuin taloyhti\u00f6iden. Teemme tavallisia puutarhat\u00f6it\u00e4, kuten leikkauksia, istutuksia, hoitot\u00f6it\u00e4 ja pihasuunnittelua, mutta valtavirrasta poikkeavalla tavalla. Keskitymme erityisesti:<\/p>\n","protected":false},"author":1,"featured_media":0,"parent":0,"menu_order":1,"comment_status":"closed","ping_status":"closed","template":"","meta":{"footnotes":""},"class_list":["post-5","page","type-page","status-publish","hentry"],"_links":{"self":[{"href":"https:\/\/www.mansenekotarhuri.fi\/index.php?rest_route=\/wp\/v2\/pages\/5","targetHints":{"allow":["GET"]}}],"collection":[{"href":"https:\/\/www.mansenekotarhuri.fi\/index.php?rest_route=\/wp\/v2\/pages"}],"about":[{"href":"https:\/\/www.mansenekotarhuri.fi\/index.php?rest_route=\/wp\/v2\/types\/page"}],"author":[{"embeddable":true,"href":"https:\/\/www.mansenekotarhuri.fi\/index.php?rest_route=\/wp\/v2\/users\/1"}],"replies":[{"embeddable":true,"href":"https:\/\/www.mansenekotarhuri.fi\/index.php?rest_route=%2Fwp%2Fv2%2Fcomments&post=5"}],"version-history":[{"count":29,"href":"https:\/\/www.mansenekotarhuri.fi\/index.php?rest_route=\/wp\/v2\/pages\/5\/revisions"}],"predecessor-version":[{"id":432,"href":"https:\/\/www.mansenekotarhuri.fi\/index.php?rest_route=\/wp\/v2\/pages\/5\/revisions\/432"}],"wp:attachment":[{"href":"https:\/\/www.mansenekotarhuri.fi\/index.php?rest_route=%2Fwp%2Fv2%2Fmedia&parent=5"}],"curies":[{"name":"wp","href":"https:\/\/api.w.org\/{rel}","templated":true}]}}