{"id":76,"date":"2022-04-13T12:26:06","date_gmt":"2022-04-13T09:26:06","guid":{"rendered":"http:\/\/www.mansenekotarhuri.fi\/?page_id=76"},"modified":"2024-01-24T10:25:29","modified_gmt":"2024-01-24T08:25:29","slug":"rakentaminen-ja-kunnossapito","status":"publish","type":"page","link":"https:\/\/www.mansenekotarhuri.fi\/?page_id=76","title":{"rendered":"Rakentaminen ja kunnossapito"},"content":{"rendered":"\n<p>Tarjoamme <a href=\"#elementit\"><strong>Ekoelementtej\u00e4<\/strong><\/a> ja <a href=\"#paketit\"><strong>Paketteja<\/strong><\/a><\/p>\n\n\n\n<p>Pienemm\u00e4t ty\u00f6t teemme yleens\u00e4 tuntiveloituksen mukaan, isommista urakoista laskemme urakkatarjouksen.<\/p>\n\n\n\n<p>Ekoelementtien ja pakettien hinnat ovat melkein aina kohdekohtaisia. Hinta riippuu mm. puutarhan tai pihan koosta, pinnanmuodoista ja maaper\u00e4st\u00e4. Hintaan vaikuttaa ekoelementin kokokin: esim. lahopuuaidan pituus ja niityn pinta-ala vaihtelee paljon.<\/p>\n\n\n\n<h2 class=\"wp-block-heading\" id=\"elementit\">Ekoelementit<\/h2>\n\n\n\n<p><strong>Niitty-, keto- tai paahdealue<\/strong> on luonnonkasveja sis\u00e4lt\u00e4v\u00e4, p\u00f6lytt\u00e4ji\u00e4 houkutteleva ja kaunis pihan elementti. Niitty tuo pihaan monimuotoisuutta itse niittykasvien kautta sek\u00e4 tarjoamalla ravintoa ja suojaa hy\u00f6nteisille. T\u00e4st\u00e4 taas kiitt\u00e4v\u00e4t esimerkiksi linnut ja siilit.<\/p>\n\n\n\n<p>Palvelu sis\u00e4lt\u00e4\u00e4 sovitun kokoisen niityn, kedon tai paahdealueen: <img loading=\"lazy\" decoding=\"async\" width=\"300\" height=\"169\" align=\"right\" margin-right=\"5px;\" class=\"wp-image-155\" style=\"width: 300px;\" src=\"https:\/\/www.mansenekotarhuri.fi\/wp-content\/uploads\/2022\/04\/IMG_20210903_162222-scaled.jpg\" alt=\"nuori niitty\" srcset=\"https:\/\/www.mansenekotarhuri.fi\/wp-content\/uploads\/2022\/04\/IMG_20210903_162222-scaled.jpg 2560w, https:\/\/www.mansenekotarhuri.fi\/wp-content\/uploads\/2022\/04\/IMG_20210903_162222-300x168.jpg 300w, https:\/\/www.mansenekotarhuri.fi\/wp-content\/uploads\/2022\/04\/IMG_20210903_162222-1024x575.jpg 1024w, https:\/\/www.mansenekotarhuri.fi\/wp-content\/uploads\/2022\/04\/IMG_20210903_162222-768x431.jpg 768w, https:\/\/www.mansenekotarhuri.fi\/wp-content\/uploads\/2022\/04\/IMG_20210903_162222-1536x863.jpg 1536w, https:\/\/www.mansenekotarhuri.fi\/wp-content\/uploads\/2022\/04\/IMG_20210903_162222-2048x1150.jpg 2048w, https:\/\/www.mansenekotarhuri.fi\/wp-content\/uploads\/2022\/04\/IMG_20210903_162222-996x560.jpg 996w\" sizes=\"auto, (max-width: 300px) 100vw, 300px\" \/><\/p>\n\n\n\n<ul class=\"wp-block-list\">\n<li>pohjien tekemisen (mahdollisesti esim. maan kuorintaa, kitkent\u00e4\u00e4 paikasta riippuen), <\/li>\n\n\n\n<li>tarvittaessa uuden mullan ja\/tai hiekan tuonnin ja levitt\u00e4misen, <\/li>\n\n\n\n<li>kasvien kylv\u00f6n tai istuttamisen ja <\/li>\n\n\n\n<li>alkuvaiheen hoidon tai neuvonnan alkuvaiheen hoidosta. <\/li>\n<\/ul>\n\n\n\n<p>Kaikki kustannukset ovat kohdekohtaisia. Jos alue on iso ja maata on vaihdettava, tarvitaan kaivinkone, jonka kustannukset lis\u00e4t\u00e4\u00e4n hintaan.&nbsp;<\/p>\n\n\n\n<p><strong>Kukkiva nurmikko<\/strong> on kaunis ja helppo tapa lis\u00e4t\u00e4 p\u00f6lytt\u00e4j\u00e4kasveja puutarhaan. Esimerkiksi sammaloituneesta nurmikosta poistetaan sammalta, ja paljastuneisiin kohtiin kylvet\u00e4\u00e4n ja\/tai istutetaan kukkivia, paikkaan soveltuvia kasveja. Uusia kasveja lis\u00e4t\u00e4\u00e4n tulevina vuosina. Kasvit ovat sellaisia, jotka kest\u00e4v\u00e4t alasleikkuun eli nurmikon voi edelleen ajaa.&nbsp;Sopivia perennoja ovat esimerkiksi suikeroalpi, niittyhumala ja kaunokainen.<\/p>\n\n\n\n<p><strong>Laho\/kantopuutarha<\/strong>: Palvelu sis\u00e4lt\u00e4\u00e4:<\/p>\n\n\n\n<ul class=\"wp-block-list\">\n<li>sovitun kokoisen alueen pohjien valmistamisen (mahdollisesti esim. maan kuorintaa, kitkent\u00e4\u00e4 paikasta riippuen), <\/li>\n\n\n\n<li>kannot ja\/tai lahopuurungot ja niiden tuomisen ja asettelun paikoilleen, <\/li>\n\n\n\n<li>soveltuvien kasvien istuttamisen (esim. saniaiset, varjoyrtti, peittolehti, kuunliljat), <\/li>\n\n\n\n<li>katteen levitt\u00e4misen ja<\/li>\n\n\n\n<li>alkuvaiheen hoidon tai neuvonnan alkuvaiheen hoidosta.&nbsp;&nbsp;<\/li>\n<\/ul>\n\n\n\n<p>Kaikki kustannukset ovat kohdekohtaisia. Jos alue on iso ja maata on vaihdettava, tarvitaan kaivinkone, jonka kustannukset lis\u00e4t\u00e4\u00e4n hintaan.&nbsp;<\/p>\n\n\n\n<p><img loading=\"lazy\" decoding=\"async\" width=\"300\" height=\"169\" align=\"right\" class=\"wp-image-136\" style=\"width: 300px;\" src=\"https:\/\/www.mansenekotarhuri.fi\/wp-content\/uploads\/2022\/04\/lahopuuaita-scaled.jpg\" alt=\"lahopuuaita\" srcset=\"https:\/\/www.mansenekotarhuri.fi\/wp-content\/uploads\/2022\/04\/lahopuuaita-scaled.jpg 2560w, https:\/\/www.mansenekotarhuri.fi\/wp-content\/uploads\/2022\/04\/lahopuuaita-300x168.jpg 300w, https:\/\/www.mansenekotarhuri.fi\/wp-content\/uploads\/2022\/04\/lahopuuaita-1024x575.jpg 1024w, https:\/\/www.mansenekotarhuri.fi\/wp-content\/uploads\/2022\/04\/lahopuuaita-768x431.jpg 768w, https:\/\/www.mansenekotarhuri.fi\/wp-content\/uploads\/2022\/04\/lahopuuaita-1536x863.jpg 1536w, https:\/\/www.mansenekotarhuri.fi\/wp-content\/uploads\/2022\/04\/lahopuuaita-2048x1150.jpg 2048w, https:\/\/www.mansenekotarhuri.fi\/wp-content\/uploads\/2022\/04\/lahopuuaita-996x560.jpg 996w\" sizes=\"auto, (max-width: 300px) 100vw, 300px\" \/><strong>Lahopuuaita<\/strong> tarjoaa monille eri eli\u00f6lajeille, kuten hy\u00f6nteisille ja sienille, pesint\u00e4- ja suojapaikkaa sek\u00e4 ravintoa. Linnut puolestaan kiitt\u00e4v\u00e4t runsaasta hy\u00f6nteiskannasta! Ihmisen kannalta lahopuuaita on oivallinen elementti, koska siihen voi laittaa oman pihansa risut ja oksat vuodesta toiseen eik\u00e4 niit\u00e4 tarvitse kuljettaa j\u00e4teasemalle. Lahopuuaita on kaunis ja luonnonmukainen aitaelementti. <\/p>\n\n\n\n<p>Teroitetut pystytolpat asennetaan ik\u00e4\u00e4n kuin parijonoon esimerkiksi niin, ett\u00e4 tolppaparin et\u00e4isyys toisistaan on 80 cm ja v\u00e4li seuraavaan tolppapariin voi olla noin metrin verran. Aidan korkeus m\u00e4\u00e4r\u00e4ytyy tolppien korkeuden mukaan. Aidasta voidaan tehd\u00e4 niin pitk\u00e4 kuin risuja riitt\u00e4\u00e4, ja aitaa voi jatkaa seuraavina vuosina lis\u00e4\u00e4m\u00e4ll\u00e4 pystytolppia. Mitoista voi tehd\u00e4 melko lailla sellaiset kuin haluaa! <br>Tolppien v\u00e4li t\u00e4ytet\u00e4\u00e4n asiakkaan omalla runko-, oksa- ja risuaineksella. &nbsp;<\/p>\n\n\n\n<p><strong>Mets\u00e4puutarha<\/strong>: Mets\u00e4puutarha on monikerroksinen ja runsaslajinen kasvillisuusalue, jossa voi kasvaa my\u00f6s sy\u00f6t\u00e4vi\u00e4 kasveja. <\/p>\n\n\n\n<p>Mets\u00e4puutarhan keskeisin idea on se, ett\u00e4 runsaasti eri kerroksissa kasvava alue tarjoaa runsaasti pes\u00e4- ja suojapaikkoja sek\u00e4 ravintoa eri eli\u00f6ryhmille. Mets\u00e4puutarha mm. luo mikroilmaston, viilent\u00e4\u00e4 ymp\u00e4rist\u00f6\u00e4 kes\u00e4ll\u00e4, puhdistaa ilmaa ja toimii tuulensuojana. Puutarhamieless\u00e4 mets\u00e4inen alue omalla pihalla on n\u00e4ytt\u00e4v\u00e4 ja luonnollinen elementti. Mets\u00e4puutarha on helppohoitoinen, koska sen annetaan toimiakin kuin mets\u00e4n: ei haravointia, ei nurmikkoa, ei lannoitusta.<\/p>\n\n\n\n<p>Mets\u00e4puutarhaa perustettaessa hy\u00f6dynnet\u00e4\u00e4n jo valmiita korkeita puita, jos niit\u00e4 on (ylempi latvuskerros). Puiden alle istutetaan matalampien puiden alempi latvuskerros ja sen alle pensaskerros. Alimmaksi tulee ruohovartisten kasvien kerros. Lis\u00e4ksi mets\u00e4puutarhassa voi k\u00e4ytt\u00e4\u00e4 k\u00f6ynn\u00f6ksi\u00e4. Mets\u00e4puutarhaan kannattaa istuttaa satoa tuottavia kasveja, kuten laikkuk\u00f6ynn\u00f6st\u00e4, p\u00e4\u00e4ryn\u00e4puita, p\u00e4hkin\u00e4pensasta, makeasinikuusamaa, ja siell\u00e4 voi viljell\u00e4 esimerkiksi kurpitsaa ja raparperia.&nbsp;Rohkeampi voi kokeilla sientenkasvatusta.<\/p>\n\n\n\n<p><strong>Pes\u00e4palvelupaketti<\/strong>: sis\u00e4lt\u00e4\u00e4 linnun- ja lepakonp\u00f6nt\u00f6n, siilinpes\u00e4n ja hy\u00f6nteishotelleja&nbsp;<\/p>\n\n\n\n<p><strong>Sadevesipainanne\/biopid\u00e4tyspainanne<\/strong>: Ilmastonmuutoksen my\u00f6t\u00e4 sateet lis\u00e4\u00e4ntyv\u00e4t ja hulevesiverkostot ovat ajoittain kovilla. Yh\u00e4 enemm\u00e4n suositellaan hulevesien k\u00e4sittely\u00e4 tontilla eli ettei tontilta ainakaan kaikkia hulevesi\u00e4 johdettaisi hulevesiverkostoon. <\/p>\n\n\n\n<p>Sadevesipainanteeseen johdetaan hulevedet rakennuksen sy\u00f6ksytorvesta. Painanne on hieman muuta maanpintaa alempana ja painanteen koko voi vaihdella. Painanne sijaitsee v\u00e4hint\u00e4\u00e4n 3 m talosta, jossa ei ole kellarikerrosta, tai 6 metri\u00e4 talosta, jos kellarikerros on. Alimmaksi kerrokseksi vaihdetaan l\u00e4p\u00e4isev\u00e4\u00e4 sora-ainesta, jos pohjamaa ei ole valmiiksi l\u00e4p\u00e4isev\u00e4. Kaivuuty\u00f6t tehd\u00e4\u00e4n k\u00e4sin tai koneella painanteen laajuudesta riippuen. P\u00e4\u00e4llimm\u00e4iseksi tulee multaa, johon istutetaan sek\u00e4 kuivuutta ett\u00e4 kosteutta siet\u00e4vi\u00e4 kasveja.&nbsp;Tarvittaessa painanteesta johdetaan purkuputki, joka johtaa ylim\u00e4\u00e4r\u00e4isen veden pois.<\/p>\n\n\n\n<p><strong>Perhosistutukset<\/strong>: piha-alueen kokonaisuuteen soveltuvan istutusalueen tekeminen. Alueelta yleens\u00e4 kaivetaan pois vanhaa kasvillisuutta, osittain tai kokonaan. Tuodaan ekomultaa. Valitaan kasvilajeja, jotka houkuttelevat p\u00f6lytt\u00e4ji\u00e4. Istutuksesta tehd\u00e4\u00e4n monikerroksinen siten, ett\u00e4 siihen kuuluu pensaita ja perennoja. Mahdollisesta katteen k\u00e4yt\u00f6st\u00e4 sovitaan erikseen.&nbsp;&nbsp;<\/p>\n\n\n\n<p><strong>Puutarhaj\u00e4tekomposti<\/strong>: palvelu sis\u00e4lt\u00e4\u00e4 sovitun kokoisen puutarhaj\u00e4tekompostin valmistamisen kierr\u00e4tyspuutavarasta, asentamisen paikalleen ja k\u00e4yt\u00f6n ohjeistamisen. Kompostin koko voi olla esim. 1 m x 2 m x 1 m.<\/p>\n\n\n\n<p><strong>Kasvatuslaatikko<\/strong>: kierr\u00e4tyspuusta valmistetut kasvatuslaatikot. Laatikko tehd\u00e4\u00e4n asiakkaan mittatoiveiden mukaan. Korkea laatikko on helppohoitoisempi. Kasvatuslaatikon yleisin koko on 1 m x 1 m x 0,60 m.&nbsp;<\/p>\n\n\n\n<p><strong>Hakettaminen<\/strong>: palvelu sis\u00e4lt\u00e4\u00e4 asiakkaan omien oksien ja risujen hakettamisen paikan p\u00e4\u00e4ll\u00e4 ja hakkeen luovuttamisen asiakkaan k\u00e4ytt\u00f6\u00f6n.&nbsp;&nbsp;<\/p>\n\n\n\n<p><strong>Vieraslajien h\u00e4vitt\u00e4minen<\/strong>: tunnistamme ja h\u00e4vit\u00e4mme haitalliset vieraslajit (esim. j\u00e4ttiputki, j\u00e4ttipalsami, komealupiini, kurtturuusu).\u00a0<\/p>\n\n\n\n<h2 class=\"wp-block-heading\" id=\"paketit\">Paketit<\/h2>\n\n\n\n<p>Mit\u00e4 tahansa yll\u00e4  mainittuja tuotteita voi yhdist\u00e4\u00e4 paketiksi eli toteuttaa yhdelle pihalle. T\u00e4ss\u00e4 kuitenkin joitain valmiiksi koottuja paketteja:<\/p>\n\n\n\n<h3 class=\"wp-block-heading\">Vuosihoitosopimus<\/h3>\n\n\n\n<p>Sopii taloyhti\u00f6ille ja yksityispihoille. Sis\u00e4lt\u00e4\u00e4 l\u00e4hes ymp\u00e4rivuotisen kunnossapidon (pois lukien talvi). Kunnossapitot\u00f6it\u00e4 ovat esimerkiksi leikkaukset, maanparannus, kitkeminen, niityn niitt\u00e4minen, hy\u00f6nteishotellien ja linnunp\u00f6ntt\u00f6jen hoito sek\u00e4 kasvien kev\u00e4t- ja talvisuojaukset.<\/p>\n\n\n\n<h3 class=\"wp-block-heading\">Kevyt ekoremppa<\/h3>\n\n\n\n<ul class=\"wp-block-list\">\n<li>pienen niityn tai paahdeymp\u00e4rist\u00f6n perustaminen<\/li>\n\n\n\n<li>kukkamaiden muuttaminen ekologisemmiksi (p\u00f6lytt\u00e4ji\u00e4 auttavien kasvien lis\u00e4\u00e4minen, maan pinnan kattaminen, koko kes\u00e4n kukinnan takaaminen) <\/li>\n\n\n\n<li>kev\u00e4\u00e4ll\u00e4 kukkivien sipulikasvien istutus<\/li>\n\n\n\n<li>linnunp\u00f6ntt\u00f6jen, lepakonp\u00f6ntt\u00f6jen, hy\u00f6nteishotellien ja siilinpesien asentaminen<\/li>\n<\/ul>\n\n\n\n<h3 class=\"wp-block-heading\">Kasvatuspaketti<\/h3>\n\n\n\n<p>Kasvatuspakettikin sopii niin taloyhti\u00f6pihalle kuin yksityispihalle tuomaan viihtyisyytt\u00e4, mielek\u00e4st\u00e4 tekemist\u00e4 &#8211; ja sy\u00f6t\u00e4v\u00e4\u00e4. Paketti sis\u00e4lt\u00e4\u00e4:<\/p>\n\n\n\n<ul class=\"wp-block-list\">\n<li>kasvatusalueen pohjaty\u00f6t&nbsp;<\/li>\n\n\n\n<li>sovitun m\u00e4\u00e4r\u00e4n kierr\u00e4tyspuusta valmistettuja kasvatuslaatikoita asiakkaan toivomien mittojen mukaan&nbsp;<\/li>\n\n\n\n<li>laatikkojen asentaminen paikalleen&nbsp;<\/li>\n\n\n\n<li>multa (pohjimmaiseksi oksa- ja risuj\u00e4tett\u00e4)&nbsp;&nbsp;<\/li>\n<\/ul>\n\n\n\n<p>Erikseen sovittaessa pakettiin kuuluu my\u00f6s taimien istutus tai siementen kylv\u00f6. <\/p>\n\n\n\n<p><\/p>\n","protected":false},"excerpt":{"rendered":"<p>Tarjoamme Ekoelementtej\u00e4 ja Paketteja Pienemm\u00e4t ty\u00f6t teemme yleens\u00e4 tuntiveloituksen mukaan, isommista urakoista laskemme urakkatarjouksen. Ekoelementtien ja pakettien hinnat ovat melkein aina kohdekohtaisia. Hinta riippuu mm. puutarhan tai pihan koosta, pinnanmuodoista ja maaper\u00e4st\u00e4. Hintaan vaikuttaa ekoelementin kokokin: esim. lahopuuaidan pituus ja niityn pinta-ala vaihtelee paljon. Ekoelementit Niitty-, keto- tai paahdealue on luonnonkasveja sis\u00e4lt\u00e4v\u00e4, p\u00f6lytt\u00e4ji\u00e4 houkutteleva ja&hellip;<\/p>\n<div><a class=\"excerpt-more button\" href=\"https:\/\/www.mansenekotarhuri.fi\/?page_id=76\">Read more <span class=\"screen-reader-text\">Rakentaminen ja kunnossapito <\/span><span class=\"meta-nav\" aria-hidden=\"true\"> &rarr;<\/span><\/a><\/div>\n","protected":false},"author":1,"featured_media":0,"parent":0,"menu_order":0,"comment_status":"closed","ping_status":"closed","template":"","meta":{"footnotes":""},"class_list":["post-76","page","type-page","status-publish","hentry"],"_links":{"self":[{"href":"https:\/\/www.mansenekotarhuri.fi\/index.php?rest_route=\/wp\/v2\/pages\/76","targetHints":{"allow":["GET"]}}],"collection":[{"href":"https:\/\/www.mansenekotarhuri.fi\/index.php?rest_route=\/wp\/v2\/pages"}],"about":[{"href":"https:\/\/www.mansenekotarhuri.fi\/index.php?rest_route=\/wp\/v2\/types\/page"}],"author":[{"embeddable":true,"href":"https:\/\/www.mansenekotarhuri.fi\/index.php?rest_route=\/wp\/v2\/users\/1"}],"replies":[{"embeddable":true,"href":"https:\/\/www.mansenekotarhuri.fi\/index.php?rest_route=%2Fwp%2Fv2%2Fcomments&post=76"}],"version-history":[{"count":50,"href":"https:\/\/www.mansenekotarhuri.fi\/index.php?rest_route=\/wp\/v2\/pages\/76\/revisions"}],"predecessor-version":[{"id":401,"href":"https:\/\/www.mansenekotarhuri.fi\/index.php?rest_route=\/wp\/v2\/pages\/76\/revisions\/401"}],"wp:attachment":[{"href":"https:\/\/www.mansenekotarhuri.fi\/index.php?rest_route=%2Fwp%2Fv2%2Fmedia&parent=76"}],"curies":[{"name":"wp","href":"https:\/\/api.w.org\/{rel}","templated":true}]}}